{"id":52,"date":"2026-02-10T10:44:56","date_gmt":"2026-02-10T09:44:56","guid":{"rendered":"https:\/\/immopartners.onyx.casasoft.ch\/home\/"},"modified":"2026-02-26T11:20:06","modified_gmt":"2026-02-26T10:20:06","slug":"home","status":"publish","type":"page","link":"https:\/\/immopartners.ch\/en\/","title":{"rendered":"Home"},"content":{"rendered":"\n<div class=\"wp-block-casasoft-blocks-container  bg-white view-height-100 container-overlay no-horizontal-padding cs-banner\"><div class=\"container-fluid\">\n<div class=\"wp-block-casasoft-blocks-video banner-video\"><video class=\"cs-video landscape\" src=\"https:\/\/immopartners.ch\/wp-content\/uploads\/sites\/28\/2026\/02\/Banner_35V1-1.mp4\" poster=\"https:\/\/immopartners.ch\/wp-content\/uploads\/sites\/28\/2026\/02\/vlcsnap-2026-02-26-11h18m29s304-1024x576.webp\" autoplay muted loop><\/video><\/div>\n\n\n\n<div class=\"wp-block-casasoft-blocks-container  bg-white\"><div class=\"container\">\n<div class=\"wp-block-columns is-layout-flex wp-container-core-columns-is-layout-28f84493 wp-block-columns-is-layout-flex\">\n<div class=\"wp-block-column is-layout-flow wp-block-column-is-layout-flow\">\n<div class=\"wp-block-casasoft-blocks-heading cs-heading cs-heading--white\"><h1 class=\"\"><strong>Bienvenue chez IPSA Solutions Immobili\u00e8res SA<\/strong><\/h1><\/div>\n\n\n\n<div class=\"wp-block-casasoft-blocks-flexwrapper d-flex flex-wrap gap-default  flex-lg-row justify-content-start\">\n<div><a class=\"btn btn-primary \" href=\"https:\/\/immopartners.ch\/en\/offre-immobiliere\/\">Offre immobili\u00e8re<\/a><\/div>\n\n\n\n<div><a class=\"btn btn-primary btn-primary--alt\" href=\"https:\/\/immopartners.ch\/en\/services\/\">Services<\/a><\/div>\n<\/div>\n<\/div>\n\n\n\n<div class=\"wp-block-column is-layout-flow wp-block-column-is-layout-flow\"><\/div>\n<\/div>\n<\/div><\/div>\n<\/div><\/div>\n\n\n\n<div class=\"wp-block-casasoft-blocks-container spacer-top-large spacer-bottom-large bg-white\"><div class=\"container\">\n<div class=\"wp-block-columns is-layout-flex wp-container-core-columns-is-layout-28f84493 wp-block-columns-is-layout-flex\">\n<div class=\"wp-block-column is-layout-flow wp-block-column-is-layout-flow\" style=\"flex-basis:25%\"><\/div>\n\n\n\n<div class=\"wp-block-column is-layout-flow wp-block-column-is-layout-flow\" style=\"flex-basis:50%\">\n<div class=\"wp-block-casasoft-blocks-heading cs-heading\"><h2 class=\"\">Acteur immobilier r\u00e9gional depuis 2019,<\/h2><\/div>\n\n\n\n<p class=\"wp-block-casasoft-blocks-text text-small\">nous accompagnons nos clients avec expertise et proximit\u00e9 dans la vente de leurs biens. Gr\u00e2ce \u00e0 notre parfaite connaissance du march\u00e9 local et \u00e0 un suivi personnalis\u00e9 \u00e0 chaque \u00e9tape, nous mettons tout en \u0153uvre pour valoriser votre bien et concr\u00e9tiser votre projet immobilier en toute s\u00e9r\u00e9nit\u00e9.<\/p>\n<\/div>\n\n\n\n<div class=\"wp-block-column is-layout-flow wp-block-column-is-layout-flow\" style=\"flex-basis:25%\"><\/div>\n<\/div>\n<\/div><\/div>\n\n\n\n<div class=\"wp-block-casasoft-blocks-container spacer-top-large spacer-bottom-large bg-light  property-slider-pattern\"><div class=\"container\">\n<div class=\"wp-block-columns is-layout-flex wp-container-core-columns-is-layout-28f84493 wp-block-columns-is-layout-flex\">\n<div class=\"wp-block-column is-layout-flow wp-block-column-is-layout-flow\" style=\"flex-basis:75%\">\n<div class=\"wp-block-casasoft-blocks-heading cs-heading spacer-bottom-small\"><div class=\"cs-supertitle\">Immobilier<\/div><h2 class=\"\">Points forts de notre offre<\/h2><\/div>\n<\/div>\n\n\n\n<div class=\"wp-block-column is-layout-flow wp-block-column-is-layout-flow\" style=\"flex-basis:25%\">\n<div><a class=\"cs-anchor-link\" href=\"https:\/\/immopartners.ch\/en\/offre-immobiliere\/\">D\u00e9couvrir plus d\u2019offres<\/a><\/div>\n<\/div>\n<\/div>\n\n\n<div class=\"property-slider\"><div class=\"row\"><div class=\"property-slider__cell col-lg-4\">\n\n\n\t\n\t\t\n\t\t\n\t\t\t\t\n\t\t\t\t\n\t\t\n\t\t\t\n\n\n\n\n\n\n\n\n\n\t\n\t\t\n\t\t\n\t\n\t\n\n<div class=\"casawp-property \">\n\t\t\t<a href=\"https:\/\/immopartners.ch\/en\/immobilien\/1736708en-superbe-appartement-de-35-pieces-avec-jardin\/\" class=\"wrapping-link\"><\/a>\n\t\t<div class=\"casawp-property__image-outer\">\n\t\t\t\t\t\t\t\t\t<div class=\"casawp-thumbnail\">\n\t\t\t\t<div class=\"casawp-thumbnail__img lazyload\" data-bg=\"https:\/\/cdn.casasoft.com\/media\/provider-14062\/property-1736708\/36c2f96cfc88db73b1c883b104479011.jpeg?p=lg\"><\/div>\n\t\t\t<\/div>\n\t\t\t<\/div>\n\t<div class=\"casawp-property__content\">\n\t\t<h3>Superbe appartement de 3.5 pi\u00e8ces avec jardin<\/h3>\n\t\t\t\t\t\n\t\t\t\t\t\t\t\t\t\t\t\t\t\t\t\t\t\t\t\t\t\t\t\t\t\t\t\t\t\t\t\t\t\t\t\t\t\t\t\t\t\t\t\t\t\t\t\t\t\t\t\t\t\t\t\t\t\t\t\t\t\t\t\t\t\t\t\t\t\t\t\t\t\t\t\t\t\t\t\t\t\t\t\t\t\t\t\t\t\t\t\t\t\t\n\t\t\t\t\t\t\t\t\t\t\n\t\t\t\n\t\t\t\t<div class=\"casawp-property__price\">\n\t\t\t\n\t\t\t\t\n\t\t\t\t\t\n\t\t\t\t\t\t\n\t\t\t\t\t\t\n\t\t\t\t\t\n\t\t\t\t\n\t\t\t\t\t\t<span>\n\t\t\t\tCHF 840&#039;000.\u2013\t\t\t<\/span>\n\t\t<\/div>\n\t\t<div class=\"casawp-property__content-data\">\n\t\t\t\t\t\t\t\t\t\t\t\t\t\t\t\t\t\t\t\t\t<div class=\"casawp-property__content-datapoint\">\n\t\t\t\t\t\t\t<div class=\"casawp-property__content-datapoint__inner\">\n\t\t\t\t\t\t\t\t<span class=\"casawp-property__content-datapoint__inner-label\">Rooms<\/span>\n\t\t\t\t\t\t\t\t<span class=\"casawp-property__content-datapoint__inner-value\">3.5 rooms<\/span>\n\t\t\t\t\t\t\t<\/div>\n\t\t\t\t\t\t<\/div>\n\t\t\t\t\t\t\t\t\t\t\t\t\t\t\t\t\t\t\t\t<div class=\"casawp-property__content-datapoint\">\n\t\t\t\t\t\t\t<div class=\"casawp-property__content-datapoint__inner\">\n\t\t\t\t\t\t\t\t<span class=\"casawp-property__content-datapoint__inner-label\">Availability<\/span>\n\t\t\t\t\t\t\t\t<span class=\"casawp-property__content-datapoint__inner-value\">On Request<\/span>\n\t\t\t\t\t\t\t<\/div>\n\t\t\t\t\t\t<\/div>\n\t\t\t\t\t\t\t\t\t\t\t\t\t\t<\/div>\n\t<\/div>\n<\/div>\n<\/div><div class=\"property-slider__cell col-lg-4\">\n\n\n\t\n\t\t\n\t\t\n\t\t\t\t\n\t\t\t\t\n\t\t\n\t\t\t\n\n\n\n\n\n\n\n\n\n\t\n\t\t\n\t\t\n\t\n\t\n\n<div class=\"casawp-property \">\n\t\t\t<a href=\"https:\/\/immopartners.ch\/en\/immobilien\/1733745en-superbe-appartement-traversant-de-4-5-pieces-avec-grand-balcon-a-fravagny-le-grand\/\" class=\"wrapping-link\"><\/a>\n\t\t<div class=\"casawp-property__image-outer\">\n\t\t\t\t\t\t\t\t\t<div class=\"casawp-thumbnail\">\n\t\t\t\t<div class=\"casawp-thumbnail__img lazyload\" data-bg=\"https:\/\/cdn.casasoft.com\/media\/provider-14062\/property-1733745\/73ffb6f2b0dcf401291626e3894d1661.jpeg?p=lg\"><\/div>\n\t\t\t<\/div>\n\t\t\t<\/div>\n\t<div class=\"casawp-property__content\">\n\t\t<h3>Superbe appartement traversant de 4,5 pi\u00e8ces &#8211;  Avec grand balcon \u00e0 Farvagny-le-Grand<\/h3>\n\t\t\t\t\t\n\t\t\t\t\t\t\t\t\t\t\t\t\t\t\t\t\t\t\t\t\t\t\t\t\t\t\t\t\t\t\t\t\t\t\t\t\t\t\t\t\t\t\t\t\t\t\t\t\t\t\t\t\t\t\t\t\t\t\t\t\t\t\t\t\t\t\t\t\t\t\t\t\t\t\t\t\t\t\t\t\t\t\t\t\t\n\t\t\t\t\t\t\t\t\t\t\n\t\t\t\n\t\t\t\t<div class=\"casawp-property__price\">\n\t\t\t\n\t\t\t\t\n\t\t\t\t\t\n\t\t\t\t\t\t\n\t\t\t\t\t\t\n\t\t\t\t\t\n\t\t\t\t\n\t\t\t\t\t\t<span>\n\t\t\t\tCHF 580&#039;000.\u2013\t\t\t<\/span>\n\t\t<\/div>\n\t\t<div class=\"casawp-property__content-data\">\n\t\t\t\t\t\t\t\t\t\t\t\t\t\t\t\t\t\t\t\t\t<div class=\"casawp-property__content-datapoint\">\n\t\t\t\t\t\t\t<div class=\"casawp-property__content-datapoint__inner\">\n\t\t\t\t\t\t\t\t<span class=\"casawp-property__content-datapoint__inner-label\">Rooms<\/span>\n\t\t\t\t\t\t\t\t<span class=\"casawp-property__content-datapoint__inner-value\">4.5 rooms<\/span>\n\t\t\t\t\t\t\t<\/div>\n\t\t\t\t\t\t<\/div>\n\t\t\t\t\t\t\t\t\t\t\t\t\t\t\t\t\t\t\t\t<div class=\"casawp-property__content-datapoint\">\n\t\t\t\t\t\t\t<div class=\"casawp-property__content-datapoint__inner\">\n\t\t\t\t\t\t\t\t<span class=\"casawp-property__content-datapoint__inner-label\">Availability<\/span>\n\t\t\t\t\t\t\t\t<span class=\"casawp-property__content-datapoint__inner-value\">Immediate<\/span>\n\t\t\t\t\t\t\t<\/div>\n\t\t\t\t\t\t<\/div>\n\t\t\t\t\t\t\t\t\t\t\t\t\t\t<\/div>\n\t<\/div>\n<\/div>\n<\/div><div class=\"property-slider__cell col-lg-4\">\n\n\n\t\n\t\t\n\t\t\n\t\t\t\t\n\t\t\t\t\n\t\t\n\t\t\t\n\n\n\n\n\n\n\n\n\n\t\n\t\t\n\t\t\n\t\n\t\n\n<div class=\"casawp-property \">\n\t\t\t<a href=\"https:\/\/immopartners.ch\/en\/immobilien\/1720701en-lot-3-ppe-londine\/\" class=\"wrapping-link\"><\/a>\n\t\t<div class=\"casawp-property__image-outer\">\n\t\t\t\t\t\t\t\t\t<div class=\"casawp-thumbnail\">\n\t\t\t\t<div class=\"casawp-thumbnail__img lazyload\" data-bg=\"https:\/\/cdn.casasoft.com\/media\/provider-14062\/property-1720696\/d522896467b4a8e5f2538cc54a287db2.jpeg?p=lg\"><\/div>\n\t\t\t<\/div>\n\t\t\t<\/div>\n\t<div class=\"casawp-property__content\">\n\t\t<h3>Lot 3 &#8211; PPE L&#039;Ondine<\/h3>\n\t\t\t\t\t\n\t\t\t\t\t\t\t\t\t\t\t\t\t\t\t\t\t\t\t\t\t\t\t\t\t\t\t\t\t\t\t\t\t\t\t\t\t\t\t\t\t\t\t\t\t\t\t\t\t\t\t\t\t\t\t\t\t\t\t\t\t\t\t\t\t\t\t\t\t\t\t\t\t\t\t\t\t\t\t\t\t\t\t\t\t\t\t\t\t\t\t\t\t\t\t\t\t\t\t\t\t\t\t\n\t\t\t\t\t\t\t\t\t\t\n\t\t\t\n\t\t\t\t<div class=\"casawp-property__price\">\n\t\t\t\n\t\t\t\t\n\t\t\t\t\t\n\t\t\t\t\t\t\n\t\t\t\t\t\t\n\t\t\t\t\t\n\t\t\t\t\n\t\t\t\t\t\t<span>\n\t\t\t\tCHF 1&#039;250&#039;000.\u2013\t\t\t<\/span>\n\t\t<\/div>\n\t\t<div class=\"casawp-property__content-data\">\n\t\t\t\t\t\t\t\t\t\t\t\t\t\t\t\t\t\t\t\t\t<div class=\"casawp-property__content-datapoint\">\n\t\t\t\t\t\t\t<div class=\"casawp-property__content-datapoint__inner\">\n\t\t\t\t\t\t\t\t<span class=\"casawp-property__content-datapoint__inner-label\">Rooms<\/span>\n\t\t\t\t\t\t\t\t<span class=\"casawp-property__content-datapoint__inner-value\">3.5 rooms<\/span>\n\t\t\t\t\t\t\t<\/div>\n\t\t\t\t\t\t<\/div>\n\t\t\t\t\t\t\t\t\t\t\t\t\t\t\t\t\t\t\t\t<div class=\"casawp-property__content-datapoint\">\n\t\t\t\t\t\t\t<div class=\"casawp-property__content-datapoint__inner\">\n\t\t\t\t\t\t\t\t<span class=\"casawp-property__content-datapoint__inner-label\">Availability<\/span>\n\t\t\t\t\t\t\t\t<span class=\"casawp-property__content-datapoint__inner-value\">On Request<\/span>\n\t\t\t\t\t\t\t<\/div>\n\t\t\t\t\t\t<\/div>\n\t\t\t\t\t\t\t\t\t\t\t\t\t\t<\/div>\n\t<\/div>\n<\/div>\n<\/div><div class=\"property-slider__cell col-lg-4\">\n\n\n\t\n\t\t\n\t\t\n\t\t\t\t\n\t\t\t\t\n\t\t\n\t\t\t\n\n\n\n\n\n\n\n\n\n\t\n\t\t\n\t\t\n\t\n\t\n\n<div class=\"casawp-property \">\n\t\t\t<a href=\"https:\/\/immopartners.ch\/en\/immobilien\/1720699en-lot-2-ppe-londine\/\" class=\"wrapping-link\"><\/a>\n\t\t<div class=\"casawp-property__image-outer\">\n\t\t\t\t\t\t\t\t\t<div class=\"casawp-thumbnail\">\n\t\t\t\t<div class=\"casawp-thumbnail__img lazyload\" data-bg=\"https:\/\/cdn.casasoft.com\/media\/provider-14062\/property-1720696\/8a91c5696fe5f2fe63885f6d64c7b4d9.jpeg?p=lg\"><\/div>\n\t\t\t<\/div>\n\t\t\t<\/div>\n\t<div class=\"casawp-property__content\">\n\t\t<h3>Lot 2 &#8211; PPE L&#039;Ondine<\/h3>\n\t\t\t\t\t\n\t\t\t\t\t\t\t\t\t\t\t\t\t\t\t\t\t\t\t\t\t\t\t\t\t\t\t\t\t\t\t\t\t\t\t\t\t\t\t\t\t\t\t\t\t\t\t\t\t\t\t\t\t\t\t\t\t\t\t\t\t\t\t\t\t\t\t\t\t\t\t\t\t\t\t\t\t\t\t\t\t\t\t\t\t\t\t\t\t\t\t\t\t\t\n\t\t\t\t\t\t\t\t\t\t\n\t\t\t\n\t\t\t\t<div class=\"casawp-property__price\">\n\t\t\t\n\t\t\t\t\n\t\t\t\t\t\n\t\t\t\t\t\t\n\t\t\t\t\t\t\n\t\t\t\t\t\n\t\t\t\t\n\t\t\t\t\t\t<span>\n\t\t\t\tCHF 1&#039;190&#039;000.\u2013\t\t\t<\/span>\n\t\t<\/div>\n\t\t<div class=\"casawp-property__content-data\">\n\t\t\t\t\t\t\t\t\t\t\t\t\t\t\t\t\t\t\t\t\t<div class=\"casawp-property__content-datapoint\">\n\t\t\t\t\t\t\t<div class=\"casawp-property__content-datapoint__inner\">\n\t\t\t\t\t\t\t\t<span class=\"casawp-property__content-datapoint__inner-label\">Rooms<\/span>\n\t\t\t\t\t\t\t\t<span class=\"casawp-property__content-datapoint__inner-value\">3.5 rooms<\/span>\n\t\t\t\t\t\t\t<\/div>\n\t\t\t\t\t\t<\/div>\n\t\t\t\t\t\t\t\t\t\t\t\t\t\t\t\t\t\t\t\t<div class=\"casawp-property__content-datapoint\">\n\t\t\t\t\t\t\t<div class=\"casawp-property__content-datapoint__inner\">\n\t\t\t\t\t\t\t\t<span class=\"casawp-property__content-datapoint__inner-label\">Availability<\/span>\n\t\t\t\t\t\t\t\t<span class=\"casawp-property__content-datapoint__inner-value\">On Request<\/span>\n\t\t\t\t\t\t\t<\/div>\n\t\t\t\t\t\t<\/div>\n\t\t\t\t\t\t\t\t\t\t\t\t\t\t<\/div>\n\t<\/div>\n<\/div>\n<\/div><div class=\"property-slider__cell col-lg-4\">\n\n\n\t\n\t\t\n\t\t\n\t\t\t\t\n\t\t\t\t\n\t\t\n\t\t\t\n\n\n\n\n\n\n\n\n\n\t\n\t\t\n\t\t\n\t\n\t\n\n<div class=\"casawp-property \">\n\t\t\t<a href=\"https:\/\/immopartners.ch\/en\/immobilien\/1720698en-lot-1-ppe-londine\/\" class=\"wrapping-link\"><\/a>\n\t\t<div class=\"casawp-property__image-outer\">\n\t\t\t\t\t\t\t\t\t<div class=\"casawp-thumbnail\">\n\t\t\t\t<div class=\"casawp-thumbnail__img lazyload\" data-bg=\"https:\/\/cdn.casasoft.com\/media\/provider-14062\/property-1720696\/fc6555e01aaf3c07b62ba6ab0a3fe55a.jpeg?p=lg\"><\/div>\n\t\t\t<\/div>\n\t\t\t<\/div>\n\t<div class=\"casawp-property__content\">\n\t\t<h3>Lot 1 &#8211; PPE L&#039;Ondine<\/h3>\n\t\t\t\t\t\n\t\t\t\t\t\t\t\t\t\t\t\t\t\t\t\t\t\t\t\t\t\t\t\t\t\t\t\t\t\t\t\t\t\t\t\t\t\t\t\t\t\t\t\t\t\t\t\t\t\t\t\t\t\t\t\t\t\t\t\t\t\t\t\t\t\t\t\t\t\t\t\t\t\t\t\t\t\t\t\t\t\t\t\t\t\t\t\t\t\t\t\t\t\t\t\t\t\t\t\t\t\t\t\n\t\t\t\t\t\t\t\t\t\t\n\t\t\t\n\t\t\t\t<div class=\"casawp-property__price\">\n\t\t\t\n\t\t\t\t\n\t\t\t\t\t\n\t\t\t\t\t\t\n\t\t\t\t\t\t\n\t\t\t\t\t\n\t\t\t\t\n\t\t\t\t\t\t<span>\n\t\t\t\tCHF 1&#039;885&#039;000.\u2013\t\t\t<\/span>\n\t\t<\/div>\n\t\t<div class=\"casawp-property__content-data\">\n\t\t\t\t\t\t\t\t\t\t\t\t\t\t\t\t\t\t\t\t\t<div class=\"casawp-property__content-datapoint\">\n\t\t\t\t\t\t\t<div class=\"casawp-property__content-datapoint__inner\">\n\t\t\t\t\t\t\t\t<span class=\"casawp-property__content-datapoint__inner-label\">Rooms<\/span>\n\t\t\t\t\t\t\t\t<span class=\"casawp-property__content-datapoint__inner-value\">4.5 rooms<\/span>\n\t\t\t\t\t\t\t<\/div>\n\t\t\t\t\t\t<\/div>\n\t\t\t\t\t\t\t\t\t\t\t\t\t\t\t\t\t\t\t\t<div class=\"casawp-property__content-datapoint\">\n\t\t\t\t\t\t\t<div class=\"casawp-property__content-datapoint__inner\">\n\t\t\t\t\t\t\t\t<span class=\"casawp-property__content-datapoint__inner-label\">Availability<\/span>\n\t\t\t\t\t\t\t\t<span class=\"casawp-property__content-datapoint__inner-value\">On Request<\/span>\n\t\t\t\t\t\t\t<\/div>\n\t\t\t\t\t\t<\/div>\n\t\t\t\t\t\t\t\t\t\t\t\t\t\t<\/div>\n\t<\/div>\n<\/div>\n<\/div><\/div><\/div><\/div><\/div>\n","protected":false},"excerpt":{"rendered":"","protected":false},"author":1,"featured_media":101,"parent":0,"menu_order":0,"comment_status":"closed","ping_status":"closed","template":"","meta":{"_acf_changed":false,"inline_featured_image":false,"footnotes":""},"class_list":["post-52","page","type-page","status-publish","has-post-thumbnail","hentry"],"acf":[],"yoast_head":"<!-- This site is optimized with the Yoast SEO plugin v27.5 - https:\/\/yoast.com\/product\/yoast-seo-wordpress\/ -->\n<title>Home - IPSA Solutions immobili\u00e8res SA<\/title>\n<meta name=\"robots\" content=\"index, follow, max-snippet:-1, max-image-preview:large, max-video-preview:-1\" \/>\n<link rel=\"canonical\" href=\"https:\/\/immopartners.ch\/en\/\" \/>\n<meta property=\"og:locale\" content=\"en_US\" \/>\n<meta property=\"og:type\" content=\"article\" \/>\n<meta property=\"og:title\" content=\"Home - IPSA Solutions immobili\u00e8res SA\" \/>\n<meta property=\"og:url\" content=\"https:\/\/immopartners.ch\/en\/\" \/>\n<meta property=\"og:site_name\" content=\"IPSA Solutions immobili\u00e8res SA\" \/>\n<meta property=\"article:modified_time\" content=\"2026-02-26T10:20:06+00:00\" \/>\n<meta property=\"og:image\" content=\"https:\/\/immopartners.ch\/wp-content\/uploads\/sites\/28\/2026\/02\/Principal.webp\" \/>\n\t<meta property=\"og:image:width\" content=\"1920\" \/>\n\t<meta property=\"og:image:height\" content=\"1277\" \/>\n\t<meta property=\"og:image:type\" content=\"image\/webp\" \/>\n<meta name=\"twitter:card\" content=\"summary_large_image\" \/>\n<meta name=\"twitter:label1\" content=\"Est. reading time\" \/>\n\t<meta name=\"twitter:data1\" content=\"1 minute\" \/>\n<!-- \/ Yoast SEO plugin. -->","yoast_head_json":{"title":"Home - IPSA Solutions immobili\u00e8res SA","robots":{"index":"index","follow":"follow","max-snippet":"max-snippet:-1","max-image-preview":"max-image-preview:large","max-video-preview":"max-video-preview:-1"},"canonical":"https:\/\/immopartners.ch\/en\/","og_locale":"en_US","og_type":"article","og_title":"Home - IPSA Solutions immobili\u00e8res SA","og_url":"https:\/\/immopartners.ch\/en\/","og_site_name":"IPSA Solutions immobili\u00e8res SA","article_modified_time":"2026-02-26T10:20:06+00:00","og_image":[{"width":1920,"height":1277,"url":"https:\/\/immopartners.ch\/wp-content\/uploads\/sites\/28\/2026\/02\/Principal.webp","type":"image\/webp"}],"twitter_card":"summary_large_image","twitter_misc":{"Est. reading time":"1 minute"},"schema":{"@context":"https:\/\/schema.org","@graph":[{"@type":"WebPage","@id":"https:\/\/immopartners.ch\/en\/","url":"https:\/\/immopartners.ch\/en\/","name":"Home - IPSA Solutions immobili\u00e8res SA","isPartOf":{"@id":"https:\/\/immopartners.ch\/#website"},"primaryImageOfPage":{"@id":"https:\/\/immopartners.ch\/en\/#primaryimage"},"image":{"@id":"https:\/\/immopartners.ch\/en\/#primaryimage"},"thumbnailUrl":"https:\/\/immopartners.ch\/wp-content\/uploads\/sites\/28\/2026\/02\/Principal.webp","datePublished":"2026-02-10T09:44:56+00:00","dateModified":"2026-02-26T10:20:06+00:00","breadcrumb":{"@id":"https:\/\/immopartners.ch\/en\/#breadcrumb"},"inLanguage":"en-US","potentialAction":[{"@type":"ReadAction","target":["https:\/\/immopartners.ch\/en\/"]}]},{"@type":"ImageObject","inLanguage":"en-US","@id":"https:\/\/immopartners.ch\/en\/#primaryimage","url":"https:\/\/immopartners.ch\/wp-content\/uploads\/sites\/28\/2026\/02\/Principal.webp","contentUrl":"https:\/\/immopartners.ch\/wp-content\/uploads\/sites\/28\/2026\/02\/Principal.webp","width":1920,"height":1277},{"@type":"BreadcrumbList","@id":"https:\/\/immopartners.ch\/en\/#breadcrumb","itemListElement":[{"@type":"ListItem","position":1,"name":"Home","item":"https:\/\/immopartners.ch\/en\/"},{"@type":"ListItem","position":2,"name":"Home"}]},{"@type":"WebSite","@id":"https:\/\/immopartners.ch\/#website","url":"https:\/\/immopartners.ch\/","name":"IPSA Solutions immobili\u00e8res SA","description":"","publisher":{"@id":"https:\/\/immopartners.ch\/#organization"},"potentialAction":[{"@type":"SearchAction","target":{"@type":"EntryPoint","urlTemplate":"https:\/\/immopartners.ch\/?s={search_term_string}"},"query-input":{"@type":"PropertyValueSpecification","valueRequired":true,"valueName":"search_term_string"}}],"inLanguage":"en-US"},{"@type":"Organization","@id":"https:\/\/immopartners.ch\/#organization","name":"IPSA Solutions immobili\u00e8res SA","url":"https:\/\/immopartners.ch\/","logo":{"@type":"ImageObject","inLanguage":"en-US","@id":"https:\/\/immopartners.ch\/#\/schema\/logo\/image\/","url":"https:\/\/immopartners.ch\/wp-content\/uploads\/sites\/28\/2026\/02\/Logo-IPSA-2026_couleur-scaled.png","contentUrl":"https:\/\/immopartners.ch\/wp-content\/uploads\/sites\/28\/2026\/02\/Logo-IPSA-2026_couleur-scaled.png","width":2560,"height":1612,"caption":"IPSA Solutions immobili\u00e8res SA"},"image":{"@id":"https:\/\/immopartners.ch\/#\/schema\/logo\/image\/"}}]}},"_links":{"self":[{"href":"https:\/\/immopartners.ch\/en\/wp-json\/wp\/v2\/pages\/52","targetHints":{"allow":["GET"]}}],"collection":[{"href":"https:\/\/immopartners.ch\/en\/wp-json\/wp\/v2\/pages"}],"about":[{"href":"https:\/\/immopartners.ch\/en\/wp-json\/wp\/v2\/types\/page"}],"author":[{"embeddable":true,"href":"https:\/\/immopartners.ch\/en\/wp-json\/wp\/v2\/users\/1"}],"replies":[{"embeddable":true,"href":"https:\/\/immopartners.ch\/en\/wp-json\/wp\/v2\/comments?post=52"}],"version-history":[{"count":0,"href":"https:\/\/immopartners.ch\/en\/wp-json\/wp\/v2\/pages\/52\/revisions"}],"wp:featuredmedia":[{"embeddable":true,"href":"https:\/\/immopartners.ch\/en\/wp-json\/wp\/v2\/media\/101"}],"wp:attachment":[{"href":"https:\/\/immopartners.ch\/en\/wp-json\/wp\/v2\/media?parent=52"}],"curies":[{"name":"wp","href":"https:\/\/api.w.org\/{rel}","templated":true}]}}