{"id":68,"date":"2026-02-10T13:47:57","date_gmt":"2026-02-10T12:47:57","guid":{"rendered":"https:\/\/immopartners.onyx.casasoft.ch\/acquisitions-de-biens\/"},"modified":"2026-02-18T13:26:26","modified_gmt":"2026-02-18T12:26:26","slug":"acquisitions-de-biens","status":"publish","type":"page","link":"https:\/\/immopartners.ch\/en\/acquisitions-de-biens\/","title":{"rendered":"Acquisitions de biens"},"content":{"rendered":"\n<div class=\"wp-block-casasoft-blocks-container spacer-top-large spacer-bottom-large bg-white\"><div class=\"container\">\n<div class=\"wp-block-columns is-layout-flex wp-container-core-columns-is-layout-28f84493 wp-block-columns-is-layout-flex\">\n<div class=\"wp-block-column is-layout-flow wp-block-column-is-layout-flow\" style=\"flex-basis:25%\"><\/div>\n\n\n\n<div class=\"wp-block-column is-layout-flow wp-block-column-is-layout-flow\" style=\"flex-basis:50%\">\n<div class=\"wp-block-casasoft-blocks-heading cs-heading\"><h1 class=\"\"><br>Vous \u00eates propri\u00e9taire d\u2019un bien \u00e0 r\u00e9nover et souhaitez le vendre en toute simplicit\u00e9 et transparence.<\/h1><\/div>\n\n\n\n<p class=\"wp-block-casasoft-blocks-text text-small\">Si votre bien n\u00e9cessite des travaux, vous n\u2019avez <strong>aucune r\u00e9novation \u00e0 entreprendre<\/strong> : nous reprenons le bien en l\u2019\u00e9tat.<br><br>La proc\u00e9dure est rapide et efficace :<br>une visite, une <strong>offre ferme sous 48h<\/strong>, puis la gestion compl\u00e8te des d\u00e9marches administratives et notariales.<br>L\u2019ensemble du processus se d\u00e9roule sereinement et se conclut en quelques semaines seulement.<br><br>Vous vendez sans contrainte, sans stress et avec la garantie d\u2019un accompagnement professionnel \u00e0 chaque \u00e9tape.<\/p>\n<\/div>\n\n\n\n<div class=\"wp-block-column is-layout-flow wp-block-column-is-layout-flow\" style=\"flex-basis:25%\"><\/div>\n<\/div>\n<\/div><\/div>\n\n\n\n<div class=\"wp-block-casasoft-blocks-container  spacer-bottom-large bg-light align-items-lg-center cs-hero\"><div class=\"container\">\n<div class=\"wp-block-columns is-layout-flex wp-container-core-columns-is-layout-28f84493 wp-block-columns-is-layout-flex\">\n<div class=\"wp-block-column is-layout-flow wp-block-column-is-layout-flow\">\n<div class=\"wp-block-casasoft-blocks-card cs-card border-radius  large bg-white\"><div class=\"cs-card-content\"><\/div><\/div>\n<\/div>\n\n\n\n<div class=\"wp-block-column is-layout-flow wp-block-column-is-layout-flow\">\n<div class=\"wp-block-casasoft-blocks-image border-radius hero-image\"><img decoding=\"async\" src=\"https:\/\/immopartners.ch\/wp-content\/uploads\/sites\/28\/2026\/02\/Renovation.jpg\" alt=\"\" class=\"cs-image img-fluid semi-portrait hd\"\/><\/div>\n<\/div>\n<\/div>\n<\/div><\/div>\n","protected":false},"excerpt":{"rendered":"","protected":false},"author":1,"featured_media":0,"parent":0,"menu_order":0,"comment_status":"closed","ping_status":"closed","template":"","meta":{"_acf_changed":false,"inline_featured_image":false,"footnotes":""},"class_list":["post-68","page","type-page","status-publish","hentry"],"acf":[],"yoast_head":"<!-- This site is optimized with the Yoast SEO plugin v27.5 - https:\/\/yoast.com\/product\/yoast-seo-wordpress\/ -->\n<title>Acquisitions de biens - IPSA Solutions immobili\u00e8res SA<\/title>\n<meta name=\"robots\" content=\"index, follow, max-snippet:-1, max-image-preview:large, max-video-preview:-1\" \/>\n<link rel=\"canonical\" href=\"https:\/\/immopartners.ch\/acquisitions-de-biens\/\" \/>\n<meta property=\"og:locale\" content=\"en_US\" \/>\n<meta property=\"og:type\" content=\"article\" \/>\n<meta property=\"og:title\" content=\"Acquisitions de biens - IPSA Solutions immobili\u00e8res SA\" \/>\n<meta property=\"og:url\" content=\"https:\/\/immopartners.ch\/acquisitions-de-biens\/\" \/>\n<meta property=\"og:site_name\" content=\"IPSA Solutions immobili\u00e8res SA\" \/>\n<meta property=\"article:modified_time\" content=\"2026-02-18T12:26:26+00:00\" \/>\n<meta property=\"og:image\" content=\"https:\/\/immopartners.ch\/wp-content\/uploads\/sites\/28\/2026\/02\/Renovation.jpg\" \/>\n<meta name=\"twitter:card\" content=\"summary_large_image\" \/>\n<meta name=\"twitter:label1\" content=\"Est. reading time\" \/>\n\t<meta name=\"twitter:data1\" content=\"1 minute\" \/>\n<!-- \/ Yoast SEO plugin. -->","yoast_head_json":{"title":"Acquisitions de biens - IPSA Solutions immobili\u00e8res SA","robots":{"index":"index","follow":"follow","max-snippet":"max-snippet:-1","max-image-preview":"max-image-preview:large","max-video-preview":"max-video-preview:-1"},"canonical":"https:\/\/immopartners.ch\/acquisitions-de-biens\/","og_locale":"en_US","og_type":"article","og_title":"Acquisitions de biens - IPSA Solutions immobili\u00e8res SA","og_url":"https:\/\/immopartners.ch\/acquisitions-de-biens\/","og_site_name":"IPSA Solutions immobili\u00e8res SA","article_modified_time":"2026-02-18T12:26:26+00:00","og_image":[{"url":"https:\/\/immopartners.ch\/wp-content\/uploads\/sites\/28\/2026\/02\/Renovation.jpg","type":"","width":"","height":""}],"twitter_card":"summary_large_image","twitter_misc":{"Est. reading time":"1 minute"},"schema":{"@context":"https:\/\/schema.org","@graph":[{"@type":"WebPage","@id":"https:\/\/immopartners.ch\/acquisitions-de-biens\/","url":"https:\/\/immopartners.ch\/acquisitions-de-biens\/","name":"Acquisitions de biens - IPSA Solutions immobili\u00e8res SA","isPartOf":{"@id":"https:\/\/immopartners.ch\/#website"},"primaryImageOfPage":{"@id":"https:\/\/immopartners.ch\/acquisitions-de-biens\/#primaryimage"},"image":{"@id":"https:\/\/immopartners.ch\/acquisitions-de-biens\/#primaryimage"},"thumbnailUrl":"https:\/\/immopartners.ch\/wp-content\/uploads\/sites\/28\/2026\/02\/Renovation.jpg","datePublished":"2026-02-10T12:47:57+00:00","dateModified":"2026-02-18T12:26:26+00:00","breadcrumb":{"@id":"https:\/\/immopartners.ch\/acquisitions-de-biens\/#breadcrumb"},"inLanguage":"en-US","potentialAction":[{"@type":"ReadAction","target":["https:\/\/immopartners.ch\/acquisitions-de-biens\/"]}]},{"@type":"ImageObject","inLanguage":"en-US","@id":"https:\/\/immopartners.ch\/acquisitions-de-biens\/#primaryimage","url":"https:\/\/immopartners.ch\/wp-content\/uploads\/sites\/28\/2026\/02\/Renovation.jpg","contentUrl":"https:\/\/immopartners.ch\/wp-content\/uploads\/sites\/28\/2026\/02\/Renovation.jpg"},{"@type":"BreadcrumbList","@id":"https:\/\/immopartners.ch\/acquisitions-de-biens\/#breadcrumb","itemListElement":[{"@type":"ListItem","position":1,"name":"Home","item":"https:\/\/immopartners.ch\/en\/"},{"@type":"ListItem","position":2,"name":"Acquisitions de biens"}]},{"@type":"WebSite","@id":"https:\/\/immopartners.ch\/#website","url":"https:\/\/immopartners.ch\/","name":"IPSA Solutions immobili\u00e8res SA","description":"","publisher":{"@id":"https:\/\/immopartners.ch\/#organization"},"potentialAction":[{"@type":"SearchAction","target":{"@type":"EntryPoint","urlTemplate":"https:\/\/immopartners.ch\/?s={search_term_string}"},"query-input":{"@type":"PropertyValueSpecification","valueRequired":true,"valueName":"search_term_string"}}],"inLanguage":"en-US"},{"@type":"Organization","@id":"https:\/\/immopartners.ch\/#organization","name":"IPSA Solutions immobili\u00e8res SA","url":"https:\/\/immopartners.ch\/","logo":{"@type":"ImageObject","inLanguage":"en-US","@id":"https:\/\/immopartners.ch\/#\/schema\/logo\/image\/","url":"https:\/\/immopartners.ch\/wp-content\/uploads\/sites\/28\/2026\/02\/Logo-IPSA-2026_couleur-scaled.png","contentUrl":"https:\/\/immopartners.ch\/wp-content\/uploads\/sites\/28\/2026\/02\/Logo-IPSA-2026_couleur-scaled.png","width":2560,"height":1612,"caption":"IPSA Solutions immobili\u00e8res SA"},"image":{"@id":"https:\/\/immopartners.ch\/#\/schema\/logo\/image\/"}}]}},"_links":{"self":[{"href":"https:\/\/immopartners.ch\/en\/wp-json\/wp\/v2\/pages\/68","targetHints":{"allow":["GET"]}}],"collection":[{"href":"https:\/\/immopartners.ch\/en\/wp-json\/wp\/v2\/pages"}],"about":[{"href":"https:\/\/immopartners.ch\/en\/wp-json\/wp\/v2\/types\/page"}],"author":[{"embeddable":true,"href":"https:\/\/immopartners.ch\/en\/wp-json\/wp\/v2\/users\/1"}],"replies":[{"embeddable":true,"href":"https:\/\/immopartners.ch\/en\/wp-json\/wp\/v2\/comments?post=68"}],"version-history":[{"count":0,"href":"https:\/\/immopartners.ch\/en\/wp-json\/wp\/v2\/pages\/68\/revisions"}],"wp:attachment":[{"href":"https:\/\/immopartners.ch\/en\/wp-json\/wp\/v2\/media?parent=68"}],"curies":[{"name":"wp","href":"https:\/\/api.w.org\/{rel}","templated":true}]}}