{"id":70,"date":"2026-02-10T13:49:20","date_gmt":"2026-02-10T12:49:20","guid":{"rendered":"https:\/\/immopartners.onyx.casasoft.ch\/acquisition-de-terrains\/"},"modified":"2026-02-10T13:49:20","modified_gmt":"2026-02-10T12:49:20","slug":"acquisition-de-terrains","status":"publish","type":"page","link":"https:\/\/immopartners.ch\/en\/acquisition-de-terrains\/","title":{"rendered":"Acquisition de terrains"},"content":{"rendered":"\n<div class=\"wp-block-casasoft-blocks-container spacer-top-large spacer-bottom-large bg-white\"><div class=\"container\">\n<div class=\"wp-block-columns is-layout-flex wp-container-core-columns-is-layout-28f84493 wp-block-columns-is-layout-flex\">\n<div class=\"wp-block-column is-layout-flow wp-block-column-is-layout-flow\" style=\"flex-basis:25%\"><\/div>\n\n\n\n<div class=\"wp-block-column is-layout-flow wp-block-column-is-layout-flow\" style=\"flex-basis:50%\">\n<div class=\"wp-block-casasoft-blocks-heading cs-heading\"><h1 class=\"\"><br>Vous souhaitez vendre votre terrain rapidement et dans les meilleures conditions ?<\/h1><\/div>\n\n\n\n<p class=\"wp-block-casasoft-blocks-text text-small\">Chez <strong>Immo Partners<\/strong>, entreprise familiale \u00e0 taille humaine, nous vous proposons une approche simple, efficace et transparente.<br>Nous r\u00e9alisons une \u00e9valuation pr\u00e9cise et gratuite de votre terrain afin d\u2019en r\u00e9v\u00e9ler tout le potentiel constructible.<br>Gr\u00e2ce \u00e0 notre connaissance approfondie du march\u00e9 et \u00e0 notre r\u00e9seau d\u2019investisseurs et de partenaires, nous vous pr\u00e9sentons une offre d\u2019achat coh\u00e9rente et optimis\u00e9e, sans interm\u00e9diaires superflus.<br>Nous assurons ensuite un accompagnement complet, de l\u2019analyse jusqu\u2019\u00e0 la gestion juridique, administrative et notariale, pour une vente sereine et ma\u00eetris\u00e9e.<\/p>\n<\/div>\n\n\n\n<div class=\"wp-block-column is-layout-flow wp-block-column-is-layout-flow\" style=\"flex-basis:25%\"><\/div>\n<\/div>\n<\/div><\/div>\n","protected":false},"excerpt":{"rendered":"","protected":false},"author":1,"featured_media":0,"parent":0,"menu_order":0,"comment_status":"closed","ping_status":"closed","template":"","meta":{"_acf_changed":false,"inline_featured_image":false,"footnotes":""},"class_list":["post-70","page","type-page","status-publish","hentry"],"acf":[],"yoast_head":"<!-- This site is optimized with the Yoast SEO plugin v27.5 - https:\/\/yoast.com\/product\/yoast-seo-wordpress\/ -->\n<title>Acquisition de terrains - IPSA Solutions immobili\u00e8res SA<\/title>\n<meta name=\"robots\" content=\"index, follow, max-snippet:-1, max-image-preview:large, max-video-preview:-1\" \/>\n<link rel=\"canonical\" href=\"https:\/\/immopartners.ch\/acquisition-de-terrains\/\" \/>\n<meta property=\"og:locale\" content=\"en_US\" \/>\n<meta property=\"og:type\" content=\"article\" \/>\n<meta property=\"og:title\" content=\"Acquisition de terrains - IPSA Solutions immobili\u00e8res SA\" \/>\n<meta property=\"og:url\" content=\"https:\/\/immopartners.ch\/acquisition-de-terrains\/\" \/>\n<meta property=\"og:site_name\" content=\"IPSA Solutions immobili\u00e8res SA\" \/>\n<meta property=\"og:image\" content=\"https:\/\/immopartners.ch\/wp-content\/uploads\/sites\/28\/2026\/02\/Logo-IPSA-2026_couleur-scaled.png\" \/>\n<meta name=\"twitter:card\" content=\"summary_large_image\" \/>\n<meta name=\"twitter:label1\" content=\"Est. reading time\" \/>\n\t<meta name=\"twitter:data1\" content=\"1 minute\" \/>\n<!-- \/ Yoast SEO plugin. -->","yoast_head_json":{"title":"Acquisition de terrains - IPSA Solutions immobili\u00e8res SA","robots":{"index":"index","follow":"follow","max-snippet":"max-snippet:-1","max-image-preview":"max-image-preview:large","max-video-preview":"max-video-preview:-1"},"canonical":"https:\/\/immopartners.ch\/acquisition-de-terrains\/","og_locale":"en_US","og_type":"article","og_title":"Acquisition de terrains - IPSA Solutions immobili\u00e8res SA","og_url":"https:\/\/immopartners.ch\/acquisition-de-terrains\/","og_site_name":"IPSA Solutions immobili\u00e8res SA","og_image":[{"url":"https:\/\/immopartners.ch\/wp-content\/uploads\/sites\/28\/2026\/02\/Logo-IPSA-2026_couleur-scaled.png","type":"","width":"","height":""}],"twitter_card":"summary_large_image","twitter_misc":{"Est. reading time":"1 minute"},"schema":{"@context":"https:\/\/schema.org","@graph":[{"@type":"WebPage","@id":"https:\/\/immopartners.ch\/acquisition-de-terrains\/","url":"https:\/\/immopartners.ch\/acquisition-de-terrains\/","name":"Acquisition de terrains - IPSA Solutions immobili\u00e8res SA","isPartOf":{"@id":"https:\/\/immopartners.ch\/#website"},"datePublished":"2026-02-10T12:49:20+00:00","breadcrumb":{"@id":"https:\/\/immopartners.ch\/acquisition-de-terrains\/#breadcrumb"},"inLanguage":"en-US","potentialAction":[{"@type":"ReadAction","target":["https:\/\/immopartners.ch\/acquisition-de-terrains\/"]}]},{"@type":"BreadcrumbList","@id":"https:\/\/immopartners.ch\/acquisition-de-terrains\/#breadcrumb","itemListElement":[{"@type":"ListItem","position":1,"name":"Home","item":"https:\/\/immopartners.ch\/en\/"},{"@type":"ListItem","position":2,"name":"Acquisition de terrains"}]},{"@type":"WebSite","@id":"https:\/\/immopartners.ch\/#website","url":"https:\/\/immopartners.ch\/","name":"IPSA Solutions immobili\u00e8res SA","description":"","publisher":{"@id":"https:\/\/immopartners.ch\/#organization"},"potentialAction":[{"@type":"SearchAction","target":{"@type":"EntryPoint","urlTemplate":"https:\/\/immopartners.ch\/?s={search_term_string}"},"query-input":{"@type":"PropertyValueSpecification","valueRequired":true,"valueName":"search_term_string"}}],"inLanguage":"en-US"},{"@type":"Organization","@id":"https:\/\/immopartners.ch\/#organization","name":"IPSA Solutions immobili\u00e8res SA","url":"https:\/\/immopartners.ch\/","logo":{"@type":"ImageObject","inLanguage":"en-US","@id":"https:\/\/immopartners.ch\/#\/schema\/logo\/image\/","url":"https:\/\/immopartners.ch\/wp-content\/uploads\/sites\/28\/2026\/02\/Logo-IPSA-2026_couleur-scaled.png","contentUrl":"https:\/\/immopartners.ch\/wp-content\/uploads\/sites\/28\/2026\/02\/Logo-IPSA-2026_couleur-scaled.png","width":2560,"height":1612,"caption":"IPSA Solutions immobili\u00e8res SA"},"image":{"@id":"https:\/\/immopartners.ch\/#\/schema\/logo\/image\/"}}]}},"_links":{"self":[{"href":"https:\/\/immopartners.ch\/en\/wp-json\/wp\/v2\/pages\/70","targetHints":{"allow":["GET"]}}],"collection":[{"href":"https:\/\/immopartners.ch\/en\/wp-json\/wp\/v2\/pages"}],"about":[{"href":"https:\/\/immopartners.ch\/en\/wp-json\/wp\/v2\/types\/page"}],"author":[{"embeddable":true,"href":"https:\/\/immopartners.ch\/en\/wp-json\/wp\/v2\/users\/1"}],"replies":[{"embeddable":true,"href":"https:\/\/immopartners.ch\/en\/wp-json\/wp\/v2\/comments?post=70"}],"version-history":[{"count":0,"href":"https:\/\/immopartners.ch\/en\/wp-json\/wp\/v2\/pages\/70\/revisions"}],"wp:attachment":[{"href":"https:\/\/immopartners.ch\/en\/wp-json\/wp\/v2\/media?parent=70"}],"curies":[{"name":"wp","href":"https:\/\/api.w.org\/{rel}","templated":true}]}}