{"id":76,"date":"2026-02-10T13:56:16","date_gmt":"2026-02-10T12:56:16","guid":{"rendered":"https:\/\/immopartners.onyx.casasoft.ch\/partenaires\/"},"modified":"2026-02-25T14:34:15","modified_gmt":"2026-02-25T13:34:15","slug":"partenaires","status":"publish","type":"page","link":"https:\/\/immopartners.ch\/en\/partenaires\/","title":{"rendered":"Partenaires"},"content":{"rendered":"\n<div class=\"wp-block-casasoft-blocks-container  bg-white align-items-lg-center cs-hero\"><div class=\"container\">\n<div class=\"wp-block-columns is-layout-flex wp-container-core-columns-is-layout-28f84493 wp-block-columns-is-layout-flex\">\n<div class=\"wp-block-column is-layout-flow wp-block-column-is-layout-flow\">\n<div class=\"wp-block-casasoft-blocks-card cs-card border-radius  large bg-white\"><div class=\"cs-card-content\">\n<div class=\"wp-block-casasoft-blocks-heading cs-heading\"><h1 class=\"\">Des partenaires solides et reconnus pour un accompagnement 360\u00b0<\/h1><\/div>\n<\/div><\/div>\n<\/div>\n\n\n\n<div class=\"wp-block-column is-layout-flow wp-block-column-is-layout-flow\">\n<div class=\"wp-block-casasoft-blocks-image border-radius hero-image\"><img decoding=\"async\" src=\"https:\/\/immopartners.ch\/wp-content\/uploads\/sites\/28\/2026\/02\/Partenariat-scaled.webp\" alt=\"\" class=\"cs-image img-fluid semi-portrait hd\"\/><\/div>\n<\/div>\n<\/div>\n<\/div><\/div>\n\n\n\n<div class=\"wp-block-casasoft-blocks-container spacer-top-large spacer-bottom-large bg-primary\"><div class=\"container\">\n<div class=\"wp-block-columns is-layout-flex wp-container-core-columns-is-layout-28f84493 wp-block-columns-is-layout-flex\">\n<div class=\"wp-block-column is-layout-flow wp-block-column-is-layout-flow\" style=\"flex-basis:25%\"><\/div>\n\n\n\n<div class=\"wp-block-column is-layout-flow wp-block-column-is-layout-flow\" style=\"flex-basis:50%\">\n<p class=\"wp-block-casasoft-blocks-text text-small\">Depuis 2019, Immo Partners s\u2019appuie sur un r\u00e9seau de partenaires de confiance. Ensemble, nous couvrons l\u2019ensemble du cycle immobilier.<br><br>Ce maillage unique nous permet d\u2019offrir \u00e0 nos clients une approche 360\u00b0 : des solutions globales, innovantes et sur mesure, o\u00f9 chaque expertise contribue \u00e0 la r\u00e9ussite de leur projet.<br>Cette synergie nous permet de proposer des solutions globales et personnalis\u00e9es, port\u00e9es par des expertises r\u00e9unies au service de chaque projet.<\/p>\n\n\n\n<div><a class=\"btn btn-primary \" href=\"https:\/\/immopartners.ch\/en\/contact\/\">plus de renseignements<\/a><\/div>\n<\/div>\n\n\n\n<div class=\"wp-block-column is-layout-flow wp-block-column-is-layout-flow\" style=\"flex-basis:25%\"><\/div>\n<\/div>\n<\/div><\/div>\n\n\n\n<div class=\"wp-block-casasoft-blocks-container spacer-top-large spacer-bottom-large bg-light  partner-pattern\"><div class=\"container\">\n<div class=\"wp-block-casasoft-blocks-heading cs-heading spacer-bottom-small\"><div class=\"cs-supertitle\">Tapis \u00e0 logo<\/div><h2 class=\"\">Quelques partenaires<\/h2><\/div>\n\n\n        <div class=\"partner-posts\">\n                            <div class=\"partner-filters cs-filters spacer-bottom-small\">\n                    <form action=\"#\" id=\"partnerFilters\" method=\"POST\">\n                        <input type=\"hidden\" name=\"partner_columns\" value=\"4\">\n                        <input type=\"hidden\" name=\"partner_categories_array\" value=\"Array\">\n                        <input type=\"hidden\" name=\"partner_order\" value=\"asc\">\n                        <input type=\"hidden\" name=\"partner_orderby\" value=\"menu_order\">\n                        <input type=\"hidden\" name=\"lang\" value=\"en\">\n                        <div class=\"row\">\n                            <div class=\"col-lg-4 margin-bottom-sm\">\n                                <div class=\"filter-element\">\n                                    <label class=\"cs-select-label\" for=\"partnerCategories\">\n                                        Categories                                    <\/label>\n                                    <select name=\"partner_categories\" id=\"partnerCategories\" class=\"filter-select\">\n                                        <option value=\"\">All<\/option>\n                                                                            <\/select>\n                                    <input type=\"hidden\" name=\"partner_categories_chosen\" id=\"partnerCategoriesReal\" value=\"\">\n                                <\/div>\n                            <\/div>\n                        <\/div>\n                    <\/form>\n                <\/div>\n                        <div class=\"row\" id=\"partnerResults\">\n                                            <div class=\"col-xl-3 col-lg-6 margin-bottom-md\">\n                                <div class=\"partner-wrapper br-4 bg-light\">\n            <div class=\"partner-wrapper__thumb-outer\">\n            <div class=\"partner-wrapper__image lazyload\" data-bg=\"https:\/\/immopartners.ch\/wp-content\/uploads\/sites\/28\/2026\/02\/BCV.png\"><\/div>\n        <\/div>\n                <a class=\"wrapping-link\" href=\"https:\/\/www.bcv.ch\/\" target=\"_blank\"><\/a>\n    <\/div>                            <\/div>\n                                                    <div class=\"col-xl-3 col-lg-6 margin-bottom-md\">\n                                <div class=\"partner-wrapper br-4 bg-light\">\n            <div class=\"partner-wrapper__thumb-outer\">\n            <div class=\"partner-wrapper__image lazyload\" data-bg=\"https:\/\/immopartners.ch\/wp-content\/uploads\/sites\/28\/2026\/02\/FIDI-SA-1024x421.png\"><\/div>\n        <\/div>\n                <a class=\"wrapping-link\" href=\"https:\/\/fidisa.ch\/\" target=\"_blank\"><\/a>\n    <\/div>                            <\/div>\n                                                    <div class=\"col-xl-3 col-lg-6 margin-bottom-md\">\n                                <div class=\"partner-wrapper br-4 bg-light\">\n            <div class=\"partner-wrapper__thumb-outer\">\n            <div class=\"partner-wrapper__image lazyload\" data-bg=\"https:\/\/immopartners.ch\/wp-content\/uploads\/sites\/28\/2026\/02\/Logo-YRV.png\"><\/div>\n        <\/div>\n                <a class=\"wrapping-link\" href=\"https:\/\/www.yrvisuels.com\/\" target=\"_blank\"><\/a>\n    <\/div>                            <\/div>\n                                                    <div class=\"col-xl-3 col-lg-6 margin-bottom-md\">\n                                <div class=\"partner-wrapper br-4 bg-light\">\n            <div class=\"partner-wrapper__thumb-outer\">\n            <div class=\"partner-wrapper__image lazyload\" data-bg=\"https:\/\/immopartners.ch\/wp-content\/uploads\/sites\/28\/2026\/02\/Mobiliere.jpg\"><\/div>\n        <\/div>\n                <a class=\"wrapping-link\" href=\"https:\/\/www.mobiliere.ch\/\" target=\"_blank\"><\/a>\n    <\/div>                            <\/div>\n                                                    <div class=\"col-xl-3 col-lg-6 margin-bottom-md\">\n                                <div class=\"partner-wrapper br-4 bg-light\">\n            <div class=\"partner-wrapper__thumb-outer\">\n            <div class=\"partner-wrapper__image lazyload\" data-bg=\"https:\/\/immopartners.ch\/wp-content\/uploads\/sites\/28\/2026\/02\/viveo-group-noir.svg\"><\/div>\n        <\/div>\n                <a class=\"wrapping-link\" href=\"https:\/\/viveogroup.ch\/\" target=\"_blank\"><\/a>\n    <\/div>                            <\/div>\n                                                    <div class=\"col-xl-3 col-lg-6 margin-bottom-md\">\n                                <div class=\"partner-wrapper br-4 bg-light\">\n            <div class=\"partner-wrapper__thumb-outer\">\n            <div class=\"partner-wrapper__image lazyload\" data-bg=\"https:\/\/immopartners.ch\/wp-content\/uploads\/sites\/28\/2026\/02\/A8clo.png\"><\/div>\n        <\/div>\n                <a class=\"wrapping-link\" href=\"https:\/\/a8clo.ch\/\" target=\"_blank\"><\/a>\n    <\/div>                            <\/div>\n                                                    <div class=\"col-xl-3 col-lg-6 margin-bottom-md\">\n                                <div class=\"partner-wrapper br-4 bg-light\">\n            <div class=\"partner-wrapper__thumb-outer\">\n            <div class=\"partner-wrapper__image lazyload\" data-bg=\"https:\/\/immopartners.ch\/wp-content\/uploads\/sites\/28\/2026\/02\/UBS-1024x576.webp\"><\/div>\n        <\/div>\n                <a class=\"wrapping-link\" href=\"https:\/\/www.ubs.com\/ch\/en.html\" target=\"_blank\"><\/a>\n    <\/div>                            <\/div>\n                                                    <div class=\"col-xl-3 col-lg-6 margin-bottom-md\">\n                                <div class=\"partner-wrapper br-4 bg-light\">\n            <div class=\"partner-wrapper__thumb-outer\">\n            <div class=\"partner-wrapper__image lazyload\" data-bg=\"https:\/\/immopartners.ch\/wp-content\/uploads\/sites\/28\/2026\/02\/Akos-Avocats.webp\"><\/div>\n        <\/div>\n                <a class=\"wrapping-link\" href=\"https:\/\/www.akos-avocats.ch\/\" target=\"_blank\"><\/a>\n    <\/div>                            <\/div>\n                                                    <div class=\"col-xl-3 col-lg-6 margin-bottom-md\">\n                                <div class=\"partner-wrapper br-4 bg-light\">\n            <div class=\"partner-wrapper__thumb-outer\">\n            <div class=\"partner-wrapper__image lazyload\" data-bg=\"https:\/\/immopartners.ch\/wp-content\/uploads\/sites\/28\/2026\/02\/Logo-FLAA-002-1024x148.png\"><\/div>\n        <\/div>\n                <a class=\"wrapping-link\" href=\"https:\/\/flaa.ch\/\" target=\"_blank\"><\/a>\n    <\/div>                            <\/div>\n                                                    <div class=\"col-xl-3 col-lg-6 margin-bottom-md\">\n                                <div class=\"partner-wrapper br-4 bg-light\">\n            <div class=\"partner-wrapper__thumb-outer\">\n            <div class=\"partner-wrapper__image lazyload\" data-bg=\"https:\/\/immopartners.ch\/wp-content\/uploads\/sites\/28\/2026\/02\/Emilien-Porcello-studio-1024x532.png\"><\/div>\n        <\/div>\n                <a class=\"wrapping-link\" href=\"https:\/\/emilienporcello.ch\/\" target=\"_blank\"><\/a>\n    <\/div>                            <\/div>\n                                                    <div class=\"col-xl-3 col-lg-6 margin-bottom-md\">\n                                <div class=\"partner-wrapper br-4 bg-light\">\n            <div class=\"partner-wrapper__thumb-outer\">\n            <div class=\"partner-wrapper__image lazyload\" data-bg=\"https:\/\/immopartners.ch\/wp-content\/uploads\/sites\/28\/2026\/02\/logo_LEG-002.png\"><\/div>\n        <\/div>\n                <a class=\"wrapping-link\" href=\"https:\/\/www.laurent-eg.ch\/\" target=\"_blank\"><\/a>\n    <\/div>                            <\/div>\n                                    <\/div>\n            <div id=\"spinnerResults\" class=\"spinner-outer d-none\">\n                <svg class=\"spinner\" viewBox=\"0 0 50 50\">\n                    <circle class=\"path\" cx=\"25\" cy=\"25\" r=\"20\" fill=\"none\" stroke-width=\"5\"><\/circle>\n                <\/svg>\n            <\/div>\n        <\/div>\n        <script>\n        var posts_partner = {\"post_type\":\"partner\",\"ignore_sticky_posts\":true,\"post_status\":\"publish\",\"posts_per_page\":\"-1\",\"order\":\"asc\",\"orderby\":\"menu_order\"},\n            posts_category = '',\n            current_lang = 'en',\n            partner_columns = 4;\n    <\/script>\n    <\/div><\/div>\n","protected":false},"excerpt":{"rendered":"","protected":false},"author":1,"featured_media":0,"parent":0,"menu_order":0,"comment_status":"closed","ping_status":"closed","template":"","meta":{"_acf_changed":false,"inline_featured_image":false,"footnotes":""},"class_list":["post-76","page","type-page","status-publish","hentry"],"acf":[],"yoast_head":"<!-- This site is optimized with the Yoast SEO plugin v27.5 - https:\/\/yoast.com\/product\/yoast-seo-wordpress\/ -->\n<title>Partenaires - IPSA Solutions immobili\u00e8res SA<\/title>\n<meta name=\"robots\" content=\"index, follow, max-snippet:-1, max-image-preview:large, max-video-preview:-1\" \/>\n<link rel=\"canonical\" href=\"https:\/\/immopartners.ch\/en\/partenaires\/\" \/>\n<meta property=\"og:locale\" content=\"en_US\" \/>\n<meta property=\"og:type\" content=\"article\" \/>\n<meta property=\"og:title\" content=\"Partenaires - IPSA Solutions immobili\u00e8res SA\" \/>\n<meta property=\"og:url\" content=\"https:\/\/immopartners.ch\/en\/partenaires\/\" \/>\n<meta property=\"og:site_name\" content=\"IPSA Solutions immobili\u00e8res SA\" \/>\n<meta property=\"article:modified_time\" content=\"2026-02-25T13:34:15+00:00\" \/>\n<meta property=\"og:image\" content=\"https:\/\/immopartners.ch\/wp-content\/uploads\/sites\/28\/2026\/02\/Partenariat-scaled.webp\" \/>\n<meta name=\"twitter:card\" content=\"summary_large_image\" \/>\n<!-- \/ Yoast SEO plugin. -->","yoast_head_json":{"title":"Partenaires - IPSA Solutions immobili\u00e8res SA","robots":{"index":"index","follow":"follow","max-snippet":"max-snippet:-1","max-image-preview":"max-image-preview:large","max-video-preview":"max-video-preview:-1"},"canonical":"https:\/\/immopartners.ch\/en\/partenaires\/","og_locale":"en_US","og_type":"article","og_title":"Partenaires - IPSA Solutions immobili\u00e8res SA","og_url":"https:\/\/immopartners.ch\/en\/partenaires\/","og_site_name":"IPSA Solutions immobili\u00e8res SA","article_modified_time":"2026-02-25T13:34:15+00:00","og_image":[{"url":"https:\/\/immopartners.ch\/wp-content\/uploads\/sites\/28\/2026\/02\/Partenariat-scaled.webp","type":"","width":"","height":""}],"twitter_card":"summary_large_image","schema":{"@context":"https:\/\/schema.org","@graph":[{"@type":"WebPage","@id":"https:\/\/immopartners.ch\/en\/partenaires\/","url":"https:\/\/immopartners.ch\/en\/partenaires\/","name":"Partenaires - IPSA Solutions immobili\u00e8res SA","isPartOf":{"@id":"https:\/\/immopartners.ch\/#website"},"primaryImageOfPage":{"@id":"https:\/\/immopartners.ch\/en\/partenaires\/#primaryimage"},"image":{"@id":"https:\/\/immopartners.ch\/en\/partenaires\/#primaryimage"},"thumbnailUrl":"https:\/\/immopartners.ch\/wp-content\/uploads\/sites\/28\/2026\/02\/Partenariat-scaled.webp","datePublished":"2026-02-10T12:56:16+00:00","dateModified":"2026-02-25T13:34:15+00:00","breadcrumb":{"@id":"https:\/\/immopartners.ch\/en\/partenaires\/#breadcrumb"},"inLanguage":"en-US","potentialAction":[{"@type":"ReadAction","target":["https:\/\/immopartners.ch\/en\/partenaires\/"]}]},{"@type":"ImageObject","inLanguage":"en-US","@id":"https:\/\/immopartners.ch\/en\/partenaires\/#primaryimage","url":"https:\/\/immopartners.ch\/wp-content\/uploads\/sites\/28\/2026\/02\/Partenariat-scaled.webp","contentUrl":"https:\/\/immopartners.ch\/wp-content\/uploads\/sites\/28\/2026\/02\/Partenariat-scaled.webp"},{"@type":"BreadcrumbList","@id":"https:\/\/immopartners.ch\/en\/partenaires\/#breadcrumb","itemListElement":[{"@type":"ListItem","position":1,"name":"Home","item":"https:\/\/immopartners.ch\/en\/"},{"@type":"ListItem","position":2,"name":"Partenaires"}]},{"@type":"WebSite","@id":"https:\/\/immopartners.ch\/#website","url":"https:\/\/immopartners.ch\/","name":"IPSA Solutions immobili\u00e8res SA","description":"","publisher":{"@id":"https:\/\/immopartners.ch\/#organization"},"potentialAction":[{"@type":"SearchAction","target":{"@type":"EntryPoint","urlTemplate":"https:\/\/immopartners.ch\/?s={search_term_string}"},"query-input":{"@type":"PropertyValueSpecification","valueRequired":true,"valueName":"search_term_string"}}],"inLanguage":"en-US"},{"@type":"Organization","@id":"https:\/\/immopartners.ch\/#organization","name":"IPSA Solutions immobili\u00e8res SA","url":"https:\/\/immopartners.ch\/","logo":{"@type":"ImageObject","inLanguage":"en-US","@id":"https:\/\/immopartners.ch\/#\/schema\/logo\/image\/","url":"https:\/\/immopartners.ch\/wp-content\/uploads\/sites\/28\/2026\/02\/Logo-IPSA-2026_couleur-scaled.png","contentUrl":"https:\/\/immopartners.ch\/wp-content\/uploads\/sites\/28\/2026\/02\/Logo-IPSA-2026_couleur-scaled.png","width":2560,"height":1612,"caption":"IPSA Solutions immobili\u00e8res SA"},"image":{"@id":"https:\/\/immopartners.ch\/#\/schema\/logo\/image\/"}}]}},"_links":{"self":[{"href":"https:\/\/immopartners.ch\/en\/wp-json\/wp\/v2\/pages\/76","targetHints":{"allow":["GET"]}}],"collection":[{"href":"https:\/\/immopartners.ch\/en\/wp-json\/wp\/v2\/pages"}],"about":[{"href":"https:\/\/immopartners.ch\/en\/wp-json\/wp\/v2\/types\/page"}],"author":[{"embeddable":true,"href":"https:\/\/immopartners.ch\/en\/wp-json\/wp\/v2\/users\/1"}],"replies":[{"embeddable":true,"href":"https:\/\/immopartners.ch\/en\/wp-json\/wp\/v2\/comments?post=76"}],"version-history":[{"count":0,"href":"https:\/\/immopartners.ch\/en\/wp-json\/wp\/v2\/pages\/76\/revisions"}],"wp:attachment":[{"href":"https:\/\/immopartners.ch\/en\/wp-json\/wp\/v2\/media?parent=76"}],"curies":[{"name":"wp","href":"https:\/\/api.w.org\/{rel}","templated":true}]}}